{"id":1183,"date":"2018-12-30T20:45:07","date_gmt":"2018-12-30T19:45:07","guid":{"rendered":"http:\/\/www.stadtkapelle-muensingen.de\/wordpress\/?page_id=1183"},"modified":"2020-03-23T13:45:03","modified_gmt":"2020-03-23T12:45:03","slug":"jugend","status":"publish","type":"page","link":"https:\/\/www.stadtkapelle-muensingen.de\/wordpress\/jugend\/","title":{"rendered":"Jugend"},"content":{"rendered":"<figure id=\"attachment_1185\" aria-describedby=\"caption-attachment-1185\" style=\"width: 213px\" class=\"wp-caption alignright\"><a href=\"http:\/\/www.stadtkapelle-muensingen.de\/wordpress\/wp-content\/uploads\/2018\/12\/Musikpatenschaft-1.jpg\" target=\"_blank\" rel=\"noopener noreferrer\"><img loading=\"lazy\" decoding=\"async\" class=\"wp-image-1185 size-medium alignright\" src=\"http:\/\/www.stadtkapelle-muensingen.de\/wordpress\/wp-content\/uploads\/2018\/12\/Musikpatenschaft-1-213x300.jpg\" alt=\"\" width=\"213\" height=\"300\" srcset=\"https:\/\/www.stadtkapelle-muensingen.de\/wordpress\/wp-content\/uploads\/2018\/12\/Musikpatenschaft-1-213x300.jpg 213w, https:\/\/www.stadtkapelle-muensingen.de\/wordpress\/wp-content\/uploads\/2018\/12\/Musikpatenschaft-1-768x1079.jpg 768w, https:\/\/www.stadtkapelle-muensingen.de\/wordpress\/wp-content\/uploads\/2018\/12\/Musikpatenschaft-1-729x1024.jpg 729w\" sizes=\"auto, (max-width: 213px) 100vw, 213px\" \/><\/a><figcaption id=\"caption-attachment-1185\" class=\"wp-caption-text\">Urkunde<\/figcaption><\/figure>\n<p>Musikpatenschaft Schule -Verein<\/p>\n<p>Die <a href=\"http:\/\/www.schulzentrum-lautertal.de\" target=\"_blank\" rel=\"noopener noreferrer\" data-cke-saved-href=\"http:\/\/www.schulzentrum-lautertal.de\/de\/\">Lautertalschule in Hundersingen<\/a> bietet in Kooperation mit der Stadtkapelle M\u00fcnsingen e.V. seit dem Schuljahr 2017\/2018 f\u00fcr die Sch\u00fcler der Grundschule ein neues Angebot im musikalischen Bereich an. Es wird in kleinen Gruppen nach der Piccolini &amp; Brassini Methode ein qualifizierter Unterricht angeboten.<\/p>\n<p>Dieser neue Weg, der auch eine Investition in die Zukunft unserer Kapelle darstellt, wird von unserem <a href=\"http:\/\/www.bvbw-neckaralb.de\/\" target=\"_blank\" rel=\"noopener noreferrer\" data-cke-saved-href=\"http:\/\/www.bvbw-neckaralb.de\/\">Blasmusikverband<\/a>, der Schule, sowie dem Gesamtelternbeirat der Lautertalschule finanziell unterst\u00fctzt. Durch diese Zusammenarbeit kann die Schule, sowie wir als Stadtkapelle M\u00fcnsingen e.V. ein kosteng\u00fcnstiges Angebot an die Sch\u00fcler weitergeben.<\/p>\n<p>Von diesem Engagement sollen alle Beteiligten, aber besonders die Kinder, profitieren. Durch solche Gemeinschaftsprojekte kann unsere Kultur auch an zuk\u00fcnftige Generationen weitergegeben werden.<\/p>\n<p>Wir w\u00fcnschen den Kindern an der Schule viel Spa\u00df beim gemeinsamen Proben in der Schule und freuen uns schon jetzt auf die ersten gemeinsamen Auftritte in M\u00fcnsingen und Umgebung.<\/p>\n","protected":false},"excerpt":{"rendered":"<p>Musikpatenschaft Schule -Verein Die Lautertalschule in Hundersingen bietet in Kooperation mit der Stadtkapelle M\u00fcnsingen e.V. seit dem Schuljahr 2017\/2018 f\u00fcr die Sch\u00fcler der Grundschule ein neues Angebot im musikalischen Bereich an. Es wird in kleinen Gruppen nach der Piccolini &amp; Brassini Methode ein qualifizierter Unterricht angeboten. Dieser neue Weg, der auch eine Investition in die [&hellip;]<\/p>\n","protected":false},"author":1,"featured_media":0,"parent":0,"menu_order":0,"comment_status":"closed","ping_status":"closed","template":"","meta":{"footnotes":""},"class_list":["post-1183","page","type-page","status-publish","hentry"],"_links":{"self":[{"href":"https:\/\/www.stadtkapelle-muensingen.de\/wordpress\/wp-json\/wp\/v2\/pages\/1183","targetHints":{"allow":["GET"]}}],"collection":[{"href":"https:\/\/www.stadtkapelle-muensingen.de\/wordpress\/wp-json\/wp\/v2\/pages"}],"about":[{"href":"https:\/\/www.stadtkapelle-muensingen.de\/wordpress\/wp-json\/wp\/v2\/types\/page"}],"author":[{"embeddable":true,"href":"https:\/\/www.stadtkapelle-muensingen.de\/wordpress\/wp-json\/wp\/v2\/users\/1"}],"replies":[{"embeddable":true,"href":"https:\/\/www.stadtkapelle-muensingen.de\/wordpress\/wp-json\/wp\/v2\/comments?post=1183"}],"version-history":[{"count":0,"href":"https:\/\/www.stadtkapelle-muensingen.de\/wordpress\/wp-json\/wp\/v2\/pages\/1183\/revisions"}],"wp:attachment":[{"href":"https:\/\/www.stadtkapelle-muensingen.de\/wordpress\/wp-json\/wp\/v2\/media?parent=1183"}],"curies":[{"name":"wp","href":"https:\/\/api.w.org\/{rel}","templated":true}]}}